{"id":483,"date":"2013-02-17T11:58:45","date_gmt":"2013-02-17T09:58:45","guid":{"rendered":"http:\/\/51290532.swh.strato-hosting.eu\/SRC\/?page_id=483"},"modified":"2013-03-04T11:55:44","modified_gmt":"2013-03-04T10:55:44","slug":"am-bau","status":"publish","type":"page","link":"http:\/\/www.src-vogtland.de\/?page_id=483","title":{"rendered":"am Bau"},"content":{"rendered":"<p><span style=\"font-size: 16px;\">Aller Anfang ist schwer. Nachdem der Raum entr\u00fcmpelt, neue Tr\u00e4ger eingezogen, Fu\u00dfboden, Heizung und Elektrik endlich fertig waren, konnte das Projekt &#8222;Bahnbau&#8220; in Angriff genommen werden. Der Rohbau der Bahn wurde an einem Wochenende hochgezogen. Anschliessend wurde die Bande befestigt und\u00a0auf Ma\u00df ges\u00e4gt. Alle Kanten und St\u00f6\u00dfe\u00a0mussten verspachtelt\u00a0und abgeschliffen werden, da\u00df ist die Grundvorausstzetzung um sp\u00e4ter eine absolut ebene Oberfl\u00e4che zu erhalten und somit \u00fcberhaupt vern\u00fcnftige Zeiten fahren zu k\u00f6nnen. Danach wurden Bande und Bahn mehrfach lackiert und erneut abgeschliffen. Das Verlegen der Litze und die Verkabelung der Bahn bildeten den Abschluss der Arbeiten. Die ganzen Arbeiten zogen sich \u00fcber mehrere Monate hin. An dieser Stelle noch einmal einen herzlichen Dank an die vielen Helfer, ohne Euch w\u00e4re es nicht m\u00f6glich gewesen dieses Projekt in dieser Form zu realisieren.<\/span><\/p>\nngg_shortcode_0_placeholder\n","protected":false},"excerpt":{"rendered":"<p>Aller Anfang ist schwer. Nachdem der Raum entr\u00fcmpelt, neue Tr\u00e4ger eingezogen, Fu\u00dfboden, Heizung und Elektrik endlich fertig waren, konnte das Projekt &#8222;Bahnbau&#8220; in Angriff genommen werden. Der Rohbau der Bahn wurde an einem Wochenende hochgezogen. Anschliessend wurde die Bande befestigt und\u00a0auf Ma\u00df ges\u00e4gt. Alle Kanten und St\u00f6\u00dfe\u00a0mussten verspachtelt\u00a0und abgeschliffen werden, da\u00df ist die Grundvorausstzetzung um &hellip; <a href=\"http:\/\/www.src-vogtland.de\/?page_id=483\" class=\"more-link\"><span class=\"screen-reader-text\">am Bau<\/span> weiterlesen <span class=\"meta-nav\">&rarr;<\/span><\/a><\/p>\n","protected":false},"author":1,"featured_media":0,"parent":251,"menu_order":1,"comment_status":"closed","ping_status":"closed","template":"","meta":{"ngg_post_thumbnail":0,"footnotes":""},"class_list":["post-483","page","type-page","status-publish","hentry"],"yoast_head":"<!-- This site is optimized with the Yoast SEO plugin v26.9 - https:\/\/yoast.com\/product\/yoast-seo-wordpress\/ -->\n<title>am Bau - SRC-VOGTLAND<\/title>\n<meta name=\"robots\" content=\"index, follow, max-snippet:-1, max-image-preview:large, max-video-preview:-1\" \/>\n<link rel=\"canonical\" href=\"http:\/\/www.src-vogtland.de\/?page_id=483\" \/>\n<meta property=\"og:locale\" content=\"de_DE\" \/>\n<meta property=\"og:type\" content=\"article\" \/>\n<meta property=\"og:title\" content=\"am Bau - SRC-VOGTLAND\" \/>\n<meta property=\"og:description\" content=\"Aller Anfang ist schwer. Nachdem der Raum entr\u00fcmpelt, neue Tr\u00e4ger eingezogen, Fu\u00dfboden, Heizung und Elektrik endlich fertig waren, konnte das Projekt &#8222;Bahnbau&#8220; in Angriff genommen werden. Der Rohbau der Bahn wurde an einem Wochenende hochgezogen. Anschliessend wurde die Bande befestigt und\u00a0auf Ma\u00df ges\u00e4gt. Alle Kanten und St\u00f6\u00dfe\u00a0mussten verspachtelt\u00a0und abgeschliffen werden, da\u00df ist die Grundvorausstzetzung um &hellip; am Bau weiterlesen &rarr;\" \/>\n<meta property=\"og:url\" content=\"http:\/\/www.src-vogtland.de\/?page_id=483\" \/>\n<meta property=\"og:site_name\" content=\"SRC-VOGTLAND\" \/>\n<meta property=\"article:modified_time\" content=\"2013-03-04T10:55:44+00:00\" \/>\n<meta name=\"twitter:label1\" content=\"Gesch\u00e4tzte Lesezeit\" \/>\n\t<meta name=\"twitter:data1\" content=\"1\u00a0Minute\" \/>\n<script type=\"application\/ld+json\" class=\"yoast-schema-graph\">{\"@context\":\"https:\/\/schema.org\",\"@graph\":[{\"@type\":\"WebPage\",\"@id\":\"http:\/\/www.src-vogtland.de\/?page_id=483\",\"url\":\"http:\/\/www.src-vogtland.de\/?page_id=483\",\"name\":\"am Bau - SRC-VOGTLAND\",\"isPartOf\":{\"@id\":\"http:\/\/www.src-vogtland.de\/#website\"},\"datePublished\":\"2013-02-17T09:58:45+00:00\",\"dateModified\":\"2013-03-04T10:55:44+00:00\",\"breadcrumb\":{\"@id\":\"http:\/\/www.src-vogtland.de\/?page_id=483#breadcrumb\"},\"inLanguage\":\"de\",\"potentialAction\":[{\"@type\":\"ReadAction\",\"target\":[\"http:\/\/www.src-vogtland.de\/?page_id=483\"]}]},{\"@type\":\"BreadcrumbList\",\"@id\":\"http:\/\/www.src-vogtland.de\/?page_id=483#breadcrumb\",\"itemListElement\":[{\"@type\":\"ListItem\",\"position\":1,\"name\":\"Startseite\",\"item\":\"http:\/\/www.src-vogtland.de\/\"},{\"@type\":\"ListItem\",\"position\":2,\"name\":\"Media\",\"item\":\"http:\/\/www.src-vogtland.de\/?page_id=251\"},{\"@type\":\"ListItem\",\"position\":3,\"name\":\"am Bau\"}]},{\"@type\":\"WebSite\",\"@id\":\"http:\/\/www.src-vogtland.de\/#website\",\"url\":\"http:\/\/www.src-vogtland.de\/\",\"name\":\"SRC-VOGTLAND\",\"description\":\"....fastest Slot in Town\",\"potentialAction\":[{\"@type\":\"SearchAction\",\"target\":{\"@type\":\"EntryPoint\",\"urlTemplate\":\"http:\/\/www.src-vogtland.de\/?s={search_term_string}\"},\"query-input\":{\"@type\":\"PropertyValueSpecification\",\"valueRequired\":true,\"valueName\":\"search_term_string\"}}],\"inLanguage\":\"de\"}]}<\/script>\n<!-- \/ Yoast SEO plugin. -->","yoast_head_json":{"title":"am Bau - SRC-VOGTLAND","robots":{"index":"index","follow":"follow","max-snippet":"max-snippet:-1","max-image-preview":"max-image-preview:large","max-video-preview":"max-video-preview:-1"},"canonical":"http:\/\/www.src-vogtland.de\/?page_id=483","og_locale":"de_DE","og_type":"article","og_title":"am Bau - SRC-VOGTLAND","og_description":"Aller Anfang ist schwer. Nachdem der Raum entr\u00fcmpelt, neue Tr\u00e4ger eingezogen, Fu\u00dfboden, Heizung und Elektrik endlich fertig waren, konnte das Projekt &#8222;Bahnbau&#8220; in Angriff genommen werden. Der Rohbau der Bahn wurde an einem Wochenende hochgezogen. Anschliessend wurde die Bande befestigt und\u00a0auf Ma\u00df ges\u00e4gt. Alle Kanten und St\u00f6\u00dfe\u00a0mussten verspachtelt\u00a0und abgeschliffen werden, da\u00df ist die Grundvorausstzetzung um &hellip; am Bau weiterlesen &rarr;","og_url":"http:\/\/www.src-vogtland.de\/?page_id=483","og_site_name":"SRC-VOGTLAND","article_modified_time":"2013-03-04T10:55:44+00:00","twitter_misc":{"Gesch\u00e4tzte Lesezeit":"1\u00a0Minute"},"schema":{"@context":"https:\/\/schema.org","@graph":[{"@type":"WebPage","@id":"http:\/\/www.src-vogtland.de\/?page_id=483","url":"http:\/\/www.src-vogtland.de\/?page_id=483","name":"am Bau - SRC-VOGTLAND","isPartOf":{"@id":"http:\/\/www.src-vogtland.de\/#website"},"datePublished":"2013-02-17T09:58:45+00:00","dateModified":"2013-03-04T10:55:44+00:00","breadcrumb":{"@id":"http:\/\/www.src-vogtland.de\/?page_id=483#breadcrumb"},"inLanguage":"de","potentialAction":[{"@type":"ReadAction","target":["http:\/\/www.src-vogtland.de\/?page_id=483"]}]},{"@type":"BreadcrumbList","@id":"http:\/\/www.src-vogtland.de\/?page_id=483#breadcrumb","itemListElement":[{"@type":"ListItem","position":1,"name":"Startseite","item":"http:\/\/www.src-vogtland.de\/"},{"@type":"ListItem","position":2,"name":"Media","item":"http:\/\/www.src-vogtland.de\/?page_id=251"},{"@type":"ListItem","position":3,"name":"am Bau"}]},{"@type":"WebSite","@id":"http:\/\/www.src-vogtland.de\/#website","url":"http:\/\/www.src-vogtland.de\/","name":"SRC-VOGTLAND","description":"....fastest Slot in Town","potentialAction":[{"@type":"SearchAction","target":{"@type":"EntryPoint","urlTemplate":"http:\/\/www.src-vogtland.de\/?s={search_term_string}"},"query-input":{"@type":"PropertyValueSpecification","valueRequired":true,"valueName":"search_term_string"}}],"inLanguage":"de"}]}},"_links":{"self":[{"href":"http:\/\/www.src-vogtland.de\/index.php?rest_route=\/wp\/v2\/pages\/483","targetHints":{"allow":["GET"]}}],"collection":[{"href":"http:\/\/www.src-vogtland.de\/index.php?rest_route=\/wp\/v2\/pages"}],"about":[{"href":"http:\/\/www.src-vogtland.de\/index.php?rest_route=\/wp\/v2\/types\/page"}],"author":[{"embeddable":true,"href":"http:\/\/www.src-vogtland.de\/index.php?rest_route=\/wp\/v2\/users\/1"}],"replies":[{"embeddable":true,"href":"http:\/\/www.src-vogtland.de\/index.php?rest_route=%2Fwp%2Fv2%2Fcomments&post=483"}],"version-history":[{"count":11,"href":"http:\/\/www.src-vogtland.de\/index.php?rest_route=\/wp\/v2\/pages\/483\/revisions"}],"predecessor-version":[{"id":485,"href":"http:\/\/www.src-vogtland.de\/index.php?rest_route=\/wp\/v2\/pages\/483\/revisions\/485"}],"up":[{"embeddable":true,"href":"http:\/\/www.src-vogtland.de\/index.php?rest_route=\/wp\/v2\/pages\/251"}],"wp:attachment":[{"href":"http:\/\/www.src-vogtland.de\/index.php?rest_route=%2Fwp%2Fv2%2Fmedia&parent=483"}],"curies":[{"name":"wp","href":"https:\/\/api.w.org\/{rel}","templated":true}]}}